{"id":99,"date":"2024-08-13T06:45:03","date_gmt":"2024-08-13T06:45:03","guid":{"rendered":"https:\/\/www.globallogic.com\/sk\/?page_id=99"},"modified":"2025-03-13T09:52:33","modified_gmt":"2025-03-13T09:52:33","slug":"insights","status":"publish","type":"page","link":"https:\/\/www.globallogic.com\/sk\/insights\/","title":{"rendered":"D\u00f4le\u017eit\u00e9 inform\u00e1cie"},"content":{"rendered":"\r\n<!-- Locations Hero banner -->\r\n \r\n<section class=\"partner_detail_banner_block locations_banner_block \" id=\"banner-locations-block_93b54119eda91bb16f42d0825b20ebd3\">\r\n    <div class=\"container\">\r\n        <div class=\"banner_content_block\">\r\n            <ul class=\"breadcrumb\"><\/ul>            \r\n                            <h1>Nechajte sa in\u0161pirova\u0165 inovat\u00edvnymi my\u0161lienkami od l\u00eddrov a in\u017einierov z GlobalLogic<\/h1>\r\n                    <\/div>\r\n    <\/div>\r\n<\/section>\r\n\n\n\n<!-- Featured Posts Slider --> \n    <section class=\"event_banner_block \" id=\"fea-posts-sliderblock_4ad9ccc72e81bd2d2ba26ddc4960c4c3\">\n        <div class=\"container\">\n            <div class=\"swiper eventSlider\">\n                <div class=\"swiper-wrapper\">\n                    \n                                                                                            <div class=\"swiper-slide\">\n                                        <a href=\"https:\/\/www.globallogic.com\/sk\/insights\/blogs\/umela-inteligencia-ai-v-maloobchode-sest-vyhod-ai-transformacie-ktore-su-uz-tu\/\" class=\"insightCard fullWidth\" insightpost-103667>\n                                            <div class=\"insight_overlay\">\n                                                <div class=\"insight_tags\">\n                                                    <span class=\"category-tag\">Data Engineering<\/span><span class=\"category-tag\">GenAI<\/span><span class=\"category-tag\">IT \/ OT Transformation<\/span><span class=\"industry-tag\">Retail and Consumer<\/span>                                                <\/div>\n                                                <div class=\"insight_sub_head\">\n                                                    <div class=\"author-list\">\n                                                        <div class=\"author_links\">                                                                    <span>GlobalLogic<\/span>\n                                                                    <\/div>                                                    <\/div>\n                                                                                                                                                                                                                        <span>6 November 2025<\/span>\n                                                                                                    <\/div>\n                                                <h3 class=\"trim\">Umel\u00e1 inteligencia (AI) v maloobchode: \u0161es\u0165 v\u00fdhod AI transform\u00e1cie , ktor\u00e9 s\u00fa u\u017e tu<\/h3>\n                                            <\/div>\n                                                                                            <div class=\"insight_img\">\n                                                    <img width=\"1130\" height=\"636\" src=\"https:\/\/www.globallogic.com\/sk\/wp-content\/uploads\/sites\/8\/2025\/11\/AI-in-Retail-Visual-1.jpg\" class=\"attachment-full size-full\" alt=\"\" loading=\"lazy\" decoding=\"async\" srcset=\"https:\/\/www.globallogic.com\/sk\/wp-content\/uploads\/sites\/8\/2025\/11\/AI-in-Retail-Visual-1.jpg 1600w, https:\/\/www.globallogic.com\/sk\/wp-content\/uploads\/sites\/8\/2025\/11\/AI-in-Retail-Visual-1-300x188.jpg 300w, https:\/\/www.globallogic.com\/sk\/wp-content\/uploads\/sites\/8\/2025\/11\/AI-in-Retail-Visual-1-1024x640.jpg 1024w, https:\/\/www.globallogic.com\/sk\/wp-content\/uploads\/sites\/8\/2025\/11\/AI-in-Retail-Visual-1-768x480.jpg 768w, https:\/\/www.globallogic.com\/sk\/wp-content\/uploads\/sites\/8\/2025\/11\/AI-in-Retail-Visual-1-1536x960.jpg 1536w\" sizes=\"auto, (max-width: 1600px) 100vw, 1600px\" \/>                                                <\/div>\n                                                                                    <\/a>\n                                    <\/div>\n\n                                                                        <div class=\"swiper-slide\">\n                                        <a href=\"https:\/\/www.globallogic.com\/sk\/insights\/case-studies\/catalina-meni-vouchery-na-spojenie-na-baze-ai-2\/\" class=\"insightCard fullWidth\" insightpost-103060>\n                                            <div class=\"insight_overlay\">\n                                                <div class=\"insight_tags\">\n                                                    <span class=\"category-tag\">Analytics<\/span><span class=\"category-tag\">Data Engineering<\/span><span class=\"industry-tag\">Retail and Consumer<\/span>                                                <\/div>\n                                                <div class=\"insight_sub_head\">\n                                                    <div class=\"author-list\">\n                                                                                                                    <span>GlobalLogic<\/span>                                                    <\/div>\n                                                                                                                                                        <\/div>\n                                                <h3 class=\"trim\">Catalina men\u00ed vouchery na spojenie na b\u00e1ze AI<\/h3>\n                                            <\/div>\n                                                                                            <div class=\"insight_img\">\n                                                    <img width=\"1130\" height=\"636\" src=\"https:\/\/www.globallogic.com\/sk\/wp-content\/uploads\/sites\/8\/2025\/05\/Catalina-Web-2048x1152_optimized.png\" class=\"attachment-full size-full\" alt=\"\" loading=\"lazy\" decoding=\"async\" srcset=\"https:\/\/www.globallogic.com\/sk\/wp-content\/uploads\/sites\/8\/2025\/05\/Catalina-Web-2048x1152_optimized.png 1024w, https:\/\/www.globallogic.com\/sk\/wp-content\/uploads\/sites\/8\/2025\/05\/Catalina-Web-2048x1152_optimized-300x169.png 300w, https:\/\/www.globallogic.com\/sk\/wp-content\/uploads\/sites\/8\/2025\/05\/Catalina-Web-2048x1152_optimized-768x432.png 768w\" sizes=\"auto, (max-width: 1024px) 100vw, 1024px\" \/>                                                <\/div>\n                                                                                    <\/a>\n                                    <\/div>\n\n                                                                        <div class=\"swiper-slide\">\n                                        <a href=\"https:\/\/www.globallogic.com\/sk\/insights\/blogs\/ingrid-tomcejova-od-humanitnych-vied-k-uspesnej-kariere-v-it\/\" class=\"insightCard fullWidth\" insightpost-102971>\n                                            <div class=\"insight_overlay\">\n                                                <div class=\"insight_tags\">\n                                                    <span class=\"category-tag\">Work-life<\/span><span class=\"industry-tag\">Nezaraden\u00e9<\/span>                                                <\/div>\n                                                <div class=\"insight_sub_head\">\n                                                    <div class=\"author-list\">\n                                                        <div class=\"author_links\">                                                                    <span>GlobalLogic<\/span>\n                                                                    <\/div>                                                    <\/div>\n                                                                                                                                                                                                                        <span>23 April 2025<\/span>\n                                                                                                    <\/div>\n                                                <h3 class=\"trim\">Ingrid Tom\u010dejov\u00e1: Od humanitn\u00fdch vied k \u00faspe\u0161nej kari\u00e9re v IT<\/h3>\n                                            <\/div>\n                                                                                            <div class=\"insight_img\">\n                                                    <img width=\"1130\" height=\"636\" src=\"https:\/\/www.globallogic.com\/sk\/wp-content\/uploads\/sites\/8\/2025\/04\/1000001076-1.jpg\" class=\"attachment-full size-full\" alt=\"\" loading=\"lazy\" decoding=\"async\" srcset=\"https:\/\/www.globallogic.com\/sk\/wp-content\/uploads\/sites\/8\/2025\/04\/1000001076-1.jpg 1814w, https:\/\/www.globallogic.com\/sk\/wp-content\/uploads\/sites\/8\/2025\/04\/1000001076-1-300x225.jpg 300w, https:\/\/www.globallogic.com\/sk\/wp-content\/uploads\/sites\/8\/2025\/04\/1000001076-1-1024x768.jpg 1024w, https:\/\/www.globallogic.com\/sk\/wp-content\/uploads\/sites\/8\/2025\/04\/1000001076-1-768x576.jpg 768w, https:\/\/www.globallogic.com\/sk\/wp-content\/uploads\/sites\/8\/2025\/04\/1000001076-1-1536x1152.jpg 1536w\" sizes=\"auto, (max-width: 1814px) 100vw, 1814px\" \/>                                                <\/div>\n                                                                                    <\/a>\n                                    <\/div>\n\n                                                                        <div class=\"swiper-slide\">\n                                        <a href=\"https:\/\/www.globallogic.com\/sk\/insights\/case-studies\/angular-modernization-ai\/\" class=\"insightCard fullWidth\" insightpost-102019>\n                                            <div class=\"insight_overlay\">\n                                                <div class=\"insight_tags\">\n                                                    <span class=\"category-tag\">AI-Powered SDLC<\/span><span class=\"category-tag\">GenAI<\/span><span class=\"industry-tag\">Technology<\/span>                                                <\/div>\n                                                <div class=\"insight_sub_head\">\n                                                    <div class=\"author-list\">\n                                                                                                                    <span>GlobalLogic<\/span>                                                    <\/div>\n                                                                                                                                                        <\/div>\n                                                <h3 class=\"trim\">Od zastaran\u00fdch k \u0161pi\u010dkov\u00fdm syst\u00e9mom: Migr\u00e1cia na Angular u l\u00eddra v oblasti softv\u00e9rov\u00fdch rie\u0161en\u00ed<\/h3>\n                                            <\/div>\n                                                                                            <div class=\"insight_img\">\n                                                    <img width=\"1130\" height=\"636\" src=\"https:\/\/www.globallogic.com\/sk\/wp-content\/uploads\/sites\/8\/2025\/02\/Web-Desktop-Image-1.jpg\" class=\"attachment-full size-full\" alt=\"\" loading=\"lazy\" decoding=\"async\" srcset=\"https:\/\/www.globallogic.com\/sk\/wp-content\/uploads\/sites\/8\/2025\/02\/Web-Desktop-Image-1.jpg 1920w, https:\/\/www.globallogic.com\/sk\/wp-content\/uploads\/sites\/8\/2025\/02\/Web-Desktop-Image-1-300x169.jpg 300w, https:\/\/www.globallogic.com\/sk\/wp-content\/uploads\/sites\/8\/2025\/02\/Web-Desktop-Image-1-1024x576.jpg 1024w, https:\/\/www.globallogic.com\/sk\/wp-content\/uploads\/sites\/8\/2025\/02\/Web-Desktop-Image-1-768x432.jpg 768w, https:\/\/www.globallogic.com\/sk\/wp-content\/uploads\/sites\/8\/2025\/02\/Web-Desktop-Image-1-1536x864.jpg 1536w\" sizes=\"auto, (max-width: 1920px) 100vw, 1920px\" \/>                                                <\/div>\n                                                                                    <\/a>\n                                    <\/div>\n\n                                    \n                                                    \n                                    <\/div>\n                                    <div class=\"swiper_control\">\n                        <div class=\"swiper-scrollbar\"><\/div>\n                        <nav class=\"swiper_nav\" aria-label=\"Featured Post Slider Navigation\">\n                            <div class=\"swiper-button-prev\"><\/div>\n                            <div class=\"swiper-button-next\"><\/div>\n                        <\/nav>\n                    <\/div>\n                    \n            <\/div>\n    <\/section>\n    ","protected":false},"excerpt":{"rendered":"","protected":false},"author":1,"featured_media":0,"parent":0,"menu_order":0,"comment_status":"closed","ping_status":"closed","template":"templates\/insights.php","meta":{"_acf_changed":false,"footnotes":""},"class_list":["post-99","page","type-page","status-publish","hentry"],"acf":[],"aioseo_notices":[],"_links":{"self":[{"href":"https:\/\/www.globallogic.com\/sk\/wp-json\/wp\/v2\/pages\/99","targetHints":{"allow":["GET"]}}],"collection":[{"href":"https:\/\/www.globallogic.com\/sk\/wp-json\/wp\/v2\/pages"}],"about":[{"href":"https:\/\/www.globallogic.com\/sk\/wp-json\/wp\/v2\/types\/page"}],"author":[{"embeddable":true,"href":"https:\/\/www.globallogic.com\/sk\/wp-json\/wp\/v2\/users\/1"}],"replies":[{"embeddable":true,"href":"https:\/\/www.globallogic.com\/sk\/wp-json\/wp\/v2\/comments?post=99"}],"version-history":[{"count":18,"href":"https:\/\/www.globallogic.com\/sk\/wp-json\/wp\/v2\/pages\/99\/revisions"}],"predecessor-version":[{"id":102200,"href":"https:\/\/www.globallogic.com\/sk\/wp-json\/wp\/v2\/pages\/99\/revisions\/102200"}],"wp:attachment":[{"href":"https:\/\/www.globallogic.com\/sk\/wp-json\/wp\/v2\/media?parent=99"}],"curies":[{"name":"wp","href":"https:\/\/api.w.org\/{rel}","templated":true}]}}